{"id":24919,"date":"2018-04-11T08:31:27","date_gmt":"2018-04-11T08:31:31","guid":{"rendered":"https:\/\/www.mgwinesgroup.com\/?post_type=product&#038;p=24919"},"modified":"2020-11-16T11:48:04","modified_gmt":"2020-11-16T11:48:04","slug":"fondillon-50-years","status":"publish","type":"product","link":"https:\/\/www.mgwinesgroup.com\/en\/tienda\/monovar-en\/fondillon-50-years\/","title":{"rendered":"Fondill\u00f3n 50 years"},"content":{"rendered":"<p>&nbsp;<\/p>\n<h2>FICHA T\u00c9CNICA VINO FONDILL\u00d3N 50 YEARS<\/h2>\n<p>&nbsp;<\/p>\n<table class=\"rwd-table\">\n<tbody>\n<tr>\n<th width=\"20%\">Tasting notes<\/th>\n<td>Bright amber colour with hints of mahogany. Very powerful, classic nose, exuberant bouquet of aged Monastrell, a hundred-year-old American oak, ancient wild oak. Extremely fragrant with aromas of old furniture and antique oak, varnish and hints of sea kelp. Hints of honey. The final touches are smoky and salty, always harking back to hints of old vestry and old wood, very pleasant memories of toffee, coffee, tobacco, carob, fig bread and roasted almonds. Moderately pacified, with hints of caramel and mocha. A pleasant combination, not too sweet, smooth and full-bodied, somewhere between a slight acid tang and a touch of heat on initial contact. It moves around at ease in the centre of the mouth giving off notes between caramel and liquorice, memories of nuts and passes conforming to its dryness and a flavour that lingers eternally in the mouth. Powerful on the palate, concentrated and intense, the alcohol is perfectly integrated, with an elegant and complex ending.<\/td>\n<\/tr>\n<tr>\n<th>Variety<\/th>\n<td>Monastrell grapes from very, south-facing old goblet-pruned vines.<\/td>\n<\/tr>\n<tr>\n<th>Serving\/ Consumption<\/th>\n<td>Best served for a significant appetiser before a meal and over a relaxed dessert at a temperature of 16\/18\u00baC. Serve in a medium-sized white glass, preferably a wine-tasting glass. Fondill\u00f3n is a perfect wine for drinking on its own, in the evening while reflecting on life, reading a good book or listening to music by the fire, while rain or snow falls gently outside. Like any good wine in a delicate, short drink, it is unbeatable with a late-afternoon snack, while putting the world to rights with friends and philosophizing on life\u2019s pleasures. In a restaurant it can be offered before or after lunch or dinner, with the first appetiser or with dessert or coffee.<\/td>\n<\/tr>\n<tr>\n<th>Age Of Vines<\/th>\n<td>50 years.<\/td>\n<\/tr>\n<tr>\n<th>Soil<\/th>\n<td>Monastrell, rocky limestone soil, white and poor.<\/td>\n<\/tr>\n<tr>\n<th>Altitude<\/th>\n<td>600 metres above sea level.<\/td>\n<\/tr>\n<tr>\n<th>Yield<\/th>\n<td>Approximately 1 kg per vine.<\/td>\n<\/tr>\n<tr>\n<th>Vinification<\/th>\n<td>Hand-selected over-ripened Monastrell grapes. De-stemming, fermentation for 3 weeks with frequent pump-over. End of fermentation with 16\/18 degrees of alcohol and 30 grams of residual sugar content. Racked and aged for 50 years in 1,730-litre old American oak barrels during which, and as a result of evaporation in such a dry climate, the wine will reach an alcohol content of 22.5% without any pump-over or fortification.<\/td>\n<\/tr>\n<tr>\n<th>Pairing<\/th>\n<td>Its after-taste, between fine woods and nutty notes, invite a pairing like a brownie, cookies, cakes, nougat flavour ice cream, an almond cake or a cheeseboard of blue cheeses and long-cured hard cheeses. It goes perfectly with the rustic biscuits, almond and walnut cake, almond lard cakes, firewater rolls, sequillos, perusas and to\u00f1as from Mon\u00f3var and with soft almond nougats and almond brittle.<br \/>\nEl Fondill\u00f3n is also a highly recommended aperitif wine as its slightly sweet taste contrast pleasantly with salted foods and all manner of Almadraba catches: tuna roe, salt-cured tuna, tuna, dried cod and, needless to say, with pan-fried almonds sprinkled with sea salt. The latest most revolutionary and daring pairings propose grilled lobster, crayfish, prawns and shrimp with salt flakes.<\/td>\n<\/tr>\n<tr>\n<th>Storage<\/th>\n<td>The bottle should be stored upright and under ideal conditions it will keep perfectly for decades. Once opened and for greater convenience, it can be sealed with the glass top included in the luxury box.<\/td>\n<\/tr>\n<tr>\n<th>Awards<\/th>\n<td><strong>94 points.<\/strong> Gu\u00eda Pe\u00f1\u00edn 2018.<\/p>\n<p><strong>93 points.\u00a0<\/strong>Robert Parker\u2019s Wine Advocate.<\/p>\n<p>Spanish Food Award: The best wine 2020<\/p>\n<p><a href=\"https:\/\/www.mgwinesgroup.com\/wp-content\/uploads\/2020\/10\/Premio_Mejor_Vino.png\"><img loading=\"lazy\" decoding=\"async\" class=\"alignnone wp-image-45557\" src=\"https:\/\/www.mgwinesgroup.com\/wp-content\/uploads\/2020\/10\/Premio_Mejor_Vino-789x800.png\" alt=\"\" width=\"136\" height=\"139\" srcset=\"https:\/\/www.mgwinesgroup.com\/wp-content\/uploads\/2020\/10\/Premio_Mejor_Vino-789x800.png 789w, https:\/\/www.mgwinesgroup.com\/wp-content\/uploads\/2020\/10\/Premio_Mejor_Vino-400x405.png 400w, https:\/\/www.mgwinesgroup.com\/wp-content\/uploads\/2020\/10\/Premio_Mejor_Vino-768x778.png 768w, https:\/\/www.mgwinesgroup.com\/wp-content\/uploads\/2020\/10\/Premio_Mejor_Vino.png 957w\" sizes=\"auto, (max-width: 136px) 100vw, 136px\" \/><\/a><\/td>\n<\/tr>\n<\/tbody>\n<\/table>\n<p>&nbsp;<\/p>\n<p>&nbsp;<\/p>\n","protected":false},"excerpt":{"rendered":"<p>MGWines has recovered one of the world\u2019s best known wines with its proper name, Fondill\u00f3n, a hundred-year-old and exclusive oenological gem from the Designation of Origin Alicante, with a five hundred-year history.<\/p>\n<p><a href=\"https:\/\/www.mgwinesgroup.com\/wp-content\/uploads\/2020\/10\/Premio_Mejor_Vino.png\"><img loading=\"lazy\" decoding=\"async\" class=\"wp-image-45557 aligncenter\" src=\"https:\/\/www.mgwinesgroup.com\/wp-content\/uploads\/2020\/10\/Premio_Mejor_Vino-789x800.png\" alt=\"\" width=\"175\" height=\"176\" srcset=\"https:\/\/www.mgwinesgroup.com\/wp-content\/uploads\/2020\/10\/Premio_Mejor_Vino-789x800.png 789w, https:\/\/www.mgwinesgroup.com\/wp-content\/uploads\/2020\/10\/Premio_Mejor_Vino-100x100.png 100w, https:\/\/www.mgwinesgroup.com\/wp-content\/uploads\/2020\/10\/Premio_Mejor_Vino-400x405.png 400w, https:\/\/www.mgwinesgroup.com\/wp-content\/uploads\/2020\/10\/Premio_Mejor_Vino-340x340.png 340w, https:\/\/www.mgwinesgroup.com\/wp-content\/uploads\/2020\/10\/Premio_Mejor_Vino-768x778.png 768w, https:\/\/www.mgwinesgroup.com\/wp-content\/uploads\/2020\/10\/Premio_Mejor_Vino.png 957w\" sizes=\"auto, (max-width: 175px) 100vw, 175px\" \/><\/a><\/p>\n<p>Our Fondill\u00f3n \u201cSiempre te esperar\u00e9\u201d is a full-bodied and sweet wine that has been aged extremely patiently in century-old Monovar barrels built in the 19th century and made of wild American oak. This wine has its source in the best essence of Monastrell grapes, over-ripened on old vines and situated on the sunny slopes of Vinalop\u00f3. It comes from a meticulous selection of soleras over half a century old, accumulated by Bodegas Monovar, to finally see the light and delight us with its exuberant personality.<\/p>\n<p>This Fondill\u00f3n is based on the most valuable asset of our lives; time, to create here and now the nostalgia of our tomorrow.<\/p>\n<p>Its provocative aroma and lingering taste make time stand still so that we are aware of the pleasure of enjoying the moment. Singularity and exclusivity forge a solid friendship in this wine brimming with history. As a prelude, it generates unprecedented expectations, bringing back images of the past. At closedown, it evokes a perfect farewell, generating great future memories. MGWines\u2019 Fondill\u00f3n invites you to live fleeting moments intensely, for time does not waste time.<\/p>\n<blockquote><p>I WILL ALWAYS WAIT FOR YOU IN THE SOLITUDE OF SHARP YET SWEET TASTE. I WILL WAIT SUFFICIENT TIME WITH THE GENEROUS PATIENCE OF FRAGRANT MATURITY, YOUR PRESENCE ALWAYS REINVIGORATING.<\/p><\/blockquote>\n<p>&nbsp;<\/p>\n<p>&nbsp;<\/p>\n","protected":false},"featured_media":24927,"comment_status":"open","ping_status":"closed","template":"","meta":{"_joinchat":[]},"product_brand":[],"product_cat":[295],"product_tag":[],"class_list":{"0":"post-24919","1":"product","2":"type-product","3":"status-publish","4":"has-post-thumbnail","6":"product_cat-monovar-en","8":"first","9":"onbackorder","10":"taxable","11":"shipping-taxable","12":"purchasable","13":"product-type-simple"},"_links":{"self":[{"href":"https:\/\/www.mgwinesgroup.com\/en\/wp-json\/wp\/v2\/product\/24919","targetHints":{"allow":["GET"]}}],"collection":[{"href":"https:\/\/www.mgwinesgroup.com\/en\/wp-json\/wp\/v2\/product"}],"about":[{"href":"https:\/\/www.mgwinesgroup.com\/en\/wp-json\/wp\/v2\/types\/product"}],"replies":[{"embeddable":true,"href":"https:\/\/www.mgwinesgroup.com\/en\/wp-json\/wp\/v2\/comments?post=24919"}],"wp:featuredmedia":[{"embeddable":true,"href":"https:\/\/www.mgwinesgroup.com\/en\/wp-json\/wp\/v2\/media\/24927"}],"wp:attachment":[{"href":"https:\/\/www.mgwinesgroup.com\/en\/wp-json\/wp\/v2\/media?parent=24919"}],"wp:term":[{"taxonomy":"product_brand","embeddable":true,"href":"https:\/\/www.mgwinesgroup.com\/en\/wp-json\/wp\/v2\/product_brand?post=24919"},{"taxonomy":"product_cat","embeddable":true,"href":"https:\/\/www.mgwinesgroup.com\/en\/wp-json\/wp\/v2\/product_cat?post=24919"},{"taxonomy":"product_tag","embeddable":true,"href":"https:\/\/www.mgwinesgroup.com\/en\/wp-json\/wp\/v2\/product_tag?post=24919"}],"curies":[{"name":"wp","href":"https:\/\/api.w.org\/{rel}","templated":true}]}}