{"id":21963,"date":"2017-06-21T11:15:10","date_gmt":"2017-06-21T11:15:10","guid":{"rendered":"https:\/\/www.mgwinesgroup.com\/shop\/sin%20categorizar\/alagu-rose\/"},"modified":"2020-08-19T07:13:37","modified_gmt":"2020-08-19T07:13:37","slug":"alagu-rose","status":"publish","type":"product","link":"https:\/\/www.mgwinesgroup.com\/en\/tienda\/casacorredor-en\/alagu-rose\/","title":{"rendered":"Alag\u00fa Ros\u00e9"},"content":{"rendered":"<h2>DESCRIPTION ALAG\u00da FORCALLAT ROS\u00c9<\/h2>\n<p>VinificationManual harvest. De-stemmed, followed by pressing, then chilling for 24 hours. Fermented in stainless steel tanks with indigenous yeasts at a controlled temperature<\/p>\n<table class=\"rwd-table\">\n<tbody>\n<tr>\n<th width=\"20%\">Tasting<\/th>\n<td>Pale onionskin. Elegant and fresh, slightly floral with notes of red berries. Light and fresh on the palate, with great acidity, balanced and with a long finish.<\/td>\n<\/tr>\n<tr>\n<th>Variety<\/th>\n<td>100% Forcallat<\/td>\n<\/tr>\n<tr>\n<th>Age of Vineyards<\/th>\n<td>33 years old<\/td>\n<\/tr>\n<tr>\n<th>Soil<\/th>\n<td>Loose clay<\/td>\n<\/tr>\n<tr>\n<th>Harvest Season<\/th>\n<td>First two weeks of october<\/td>\n<\/tr>\n<tr>\n<th>Yield<\/th>\n<td>4000 kg\/hectare.<\/td>\n<\/tr>\n<\/tbody>\n<\/table>\n","protected":false},"excerpt":{"rendered":"<p>Wine Alag\u00fa Ros\u00e9 100% Forcallat. Pale onionskin. Elegant and fresh, slightly floral<br \/>\nwith notes of red berries. Light and fresh on the palate, with great acidity, balanced and with a long finish.<\/p>\n","protected":false},"featured_media":45188,"comment_status":"open","ping_status":"closed","template":"","meta":{"_joinchat":[]},"product_brand":[],"product_cat":[264],"product_tag":[],"class_list":{"0":"post-21963","1":"product","2":"type-product","3":"status-publish","4":"has-post-thumbnail","6":"product_cat-casacorredor-en","8":"first","9":"outofstock","10":"purchasable","11":"product-type-simple"},"_links":{"self":[{"href":"https:\/\/www.mgwinesgroup.com\/en\/wp-json\/wp\/v2\/product\/21963","targetHints":{"allow":["GET"]}}],"collection":[{"href":"https:\/\/www.mgwinesgroup.com\/en\/wp-json\/wp\/v2\/product"}],"about":[{"href":"https:\/\/www.mgwinesgroup.com\/en\/wp-json\/wp\/v2\/types\/product"}],"replies":[{"embeddable":true,"href":"https:\/\/www.mgwinesgroup.com\/en\/wp-json\/wp\/v2\/comments?post=21963"}],"wp:featuredmedia":[{"embeddable":true,"href":"https:\/\/www.mgwinesgroup.com\/en\/wp-json\/wp\/v2\/media\/45188"}],"wp:attachment":[{"href":"https:\/\/www.mgwinesgroup.com\/en\/wp-json\/wp\/v2\/media?parent=21963"}],"wp:term":[{"taxonomy":"product_brand","embeddable":true,"href":"https:\/\/www.mgwinesgroup.com\/en\/wp-json\/wp\/v2\/product_brand?post=21963"},{"taxonomy":"product_cat","embeddable":true,"href":"https:\/\/www.mgwinesgroup.com\/en\/wp-json\/wp\/v2\/product_cat?post=21963"},{"taxonomy":"product_tag","embeddable":true,"href":"https:\/\/www.mgwinesgroup.com\/en\/wp-json\/wp\/v2\/product_tag?post=21963"}],"curies":[{"name":"wp","href":"https:\/\/api.w.org\/{rel}","templated":true}]}}