{"id":21957,"date":"2017-08-07T07:01:22","date_gmt":"2017-08-07T07:01:22","guid":{"rendered":"https:\/\/www.mgwinesgroup.com\/shop\/sin%20categorizar\/puerto-salinas-tinto-2\/"},"modified":"2020-08-19T07:13:10","modified_gmt":"2020-08-19T07:13:10","slug":"puerto-salinas-tinto","status":"publish","type":"product","link":"https:\/\/www.mgwinesgroup.com\/en\/tienda\/salinas-en\/puerto-salinas-tinto\/","title":{"rendered":"Puerto Salinas Tinto"},"content":{"rendered":"<h2>FICHA T\u00c9CNICA VINO PUERTO SALINAS TINTO<\/h2>\n<table class=\"rwd-table\">\n<tbody>\n<tr>\n<th width=\"20%\">Cata<\/th>\n<td>Profundo color rojo cereza, brillante.<br \/>\nIntensos aromas a frutillos negros maduros con un fondo bals\u00e1mico muy sutil.<br \/>\nEn boca es fresco, frutal, con notas minerales y un toque ligeramente especiado.<br \/>\nBuen equilibrio y estructura.<\/td>\n<\/tr>\n<tr>\n<th>Variedad<\/th>\n<td>Monastrell, Cabernet Sauvignon, Alicante Bouschet y Petit Verdot.<\/td>\n<\/tr>\n<tr>\n<th>Rendimiento<\/th>\n<td>13 hl \/ ha en la Monastrell, 18 hl\/ ha en Cabernet Sauvignon y Petit Verdot, 16 hl \/ ha en la Alicante Bouschet.<\/td>\n<\/tr>\n<tr>\n<th>Edad de los Vi\u00f1edos<\/th>\n<td>Monastrell de 23 a\u00f1os, Cabernet Sauvignon de 18 a\u00f1os, Alicante Bouschet de 28 a\u00f1os y Petit Verdot de 13.<\/td>\n<\/tr>\n<tr>\n<th>Suelo<\/th>\n<td>Calizo pedregoso, pobre en materia org\u00e1nica.<\/td>\n<\/tr>\n<tr>\n<th>Altitud<\/th>\n<td>680 m.<\/td>\n<\/tr>\n<tr>\n<th>Fecha de la Vendimia<\/th>\n<td>De septiembre a octubre.<\/td>\n<\/tr>\n<tr>\n<th>Vinificaci\u00f3n<\/th>\n<td>Vendimia manual en cajas con estricta selecci\u00f3n en bodega.<br \/>\nMaceraci\u00f3n pre-fermentativa en fr\u00edo a 7\u00baC durante 3 d\u00edas y post-fermentativa con hollejos de 20 d\u00edas con control de temperatura (26-28\u00baC).<br \/>\nMalol\u00e1ctica y posterior crianza de 12 meses en barricas de roble franc\u00e9s.<\/td>\n<\/tr>\n<tr>\n<th>Premios<\/th>\n<td>Puerto Salinas 2011<br \/>\n<strong>Score 90. James Suckling.<\/strong><\/p>\n<p>Puerto Salinas 2010<br \/>\n<strong>Zarcillo de Plata 2015.<\/strong><br \/>\n<strong>Commended Medal.<\/strong> Decanter 2013.Puerto Salinas 2009<br \/>\n<strong>92 puntos.<\/strong> Robert Parker\u2019s Wine Advocate.<\/p>\n<p>Puerto Salinas 2007<br \/>\n<strong>Gold Medal.<\/strong> Premios Cofrad\u00eda Reino de la Monastrell.<\/p>\n<p>Puerto Salinas 2005<br \/>\n<strong>91 puntos.<\/strong> Pe\u00f1\u00edn\u2019s Guide. The Best Wines from Spain.<\/p>\n<p>Puerto Salinas 2004<br \/>\n<strong>Gold Medal.<\/strong> Mundus Vini Awards. Germany (OIV).<\/td>\n<\/tr>\n<\/tbody>\n<\/table>\n","protected":false},"excerpt":{"rendered":"<div class=\"iconos-vino\"><span class=\"tooltips \" style=\"\" title=\"Vino tinto\"><img loading=\"lazy\" decoding=\"async\" class=\"alignnone size-full wp-image-16967\" src=\"https:\/\/www.mgwinesgroup.com\/wp-content\/uploads\/2015\/02\/vino-tinto.png\" alt=\"vino-tinto\" width=\"23\" height=\"23\" \/><\/span>\u00a0<span class=\"tooltips \" style=\"\" title=\"Crianza\"><img loading=\"lazy\" decoding=\"async\" class=\"alignnone size-full wp-image-16959\" src=\"https:\/\/www.mgwinesgroup.com\/wp-content\/uploads\/2015\/02\/crianza.png\" alt=\"crianza\" width=\"23\" height=\"23\" \/><\/span><\/div>\n<p>Vino Puerto Salinas Tinto. Profundo color rojo cereza, brillante. Intensos aromas a frutillos negros maduros con un fondo bals\u00e1mico muy sutil. En boca es fresco, frutal, con notas minerales y un toque ligeramente especiado. Buen equilibrio y estructura.<\/p>\n","protected":false},"featured_media":17987,"comment_status":"open","ping_status":"closed","template":"","meta":{"_joinchat":[]},"product_brand":[],"product_cat":[268],"product_tag":[],"class_list":{"0":"post-21957","1":"product","2":"type-product","3":"status-publish","4":"has-post-thumbnail","6":"product_cat-salinas-en","8":"first","9":"instock","10":"taxable","11":"shipping-taxable","12":"purchasable","13":"product-type-simple"},"_links":{"self":[{"href":"https:\/\/www.mgwinesgroup.com\/en\/wp-json\/wp\/v2\/product\/21957","targetHints":{"allow":["GET"]}}],"collection":[{"href":"https:\/\/www.mgwinesgroup.com\/en\/wp-json\/wp\/v2\/product"}],"about":[{"href":"https:\/\/www.mgwinesgroup.com\/en\/wp-json\/wp\/v2\/types\/product"}],"replies":[{"embeddable":true,"href":"https:\/\/www.mgwinesgroup.com\/en\/wp-json\/wp\/v2\/comments?post=21957"}],"wp:featuredmedia":[{"embeddable":true,"href":"https:\/\/www.mgwinesgroup.com\/en\/wp-json\/wp\/v2\/media\/17987"}],"wp:attachment":[{"href":"https:\/\/www.mgwinesgroup.com\/en\/wp-json\/wp\/v2\/media?parent=21957"}],"wp:term":[{"taxonomy":"product_brand","embeddable":true,"href":"https:\/\/www.mgwinesgroup.com\/en\/wp-json\/wp\/v2\/product_brand?post=21957"},{"taxonomy":"product_cat","embeddable":true,"href":"https:\/\/www.mgwinesgroup.com\/en\/wp-json\/wp\/v2\/product_cat?post=21957"},{"taxonomy":"product_tag","embeddable":true,"href":"https:\/\/www.mgwinesgroup.com\/en\/wp-json\/wp\/v2\/product_tag?post=21957"}],"curies":[{"name":"wp","href":"https:\/\/api.w.org\/{rel}","templated":true}]}}